{"id":4192,"date":"2024-08-28T18:25:07","date_gmt":"2024-08-29T01:25:07","guid":{"rendered":"https:\/\/211santacruzcounty.org\/?page_id=4192"},"modified":"2024-09-05T14:13:24","modified_gmt":"2024-09-05T21:13:24","slug":"survivors-of-crime","status":"publish","type":"page","link":"https:\/\/211santacruzcounty.org\/es\/sobrevivientes-del-crimen\/","title":{"rendered":"Sobrevivientes del crimen"},"content":{"rendered":"<p>Si usted o alguien que conoce es v\u00edctima de un delito, busque en l\u00ednea en nuestro directorio a continuaci\u00f3n de m\u00e1s de <strong>500 recursos locales<\/strong> para ayudarle a encontrar lo que est\u00e1 buscando o <a href=\"https:\/\/search.211santacruzcounty.org\/\" target=\"_blank\" rel=\"noopener\">Visita nuestra aplicaci\u00f3n de b\u00fasqueda aqu\u00ed.<\/a><\/p>\n<h2>\n\t\tBuscar Categor\u00edas\n\t<\/h2>\n\t\t\t\t<img loading=\"lazy\" decoding=\"async\" src=\"https:\/\/211santacruzcounty.org\/wp-content\/uploads\/2024\/08\/victim_support_person_scc211_b82b277a0e.svg\" alt=\"Persona de apoyo a las v\u00edctimas scc211 b82b277a0e\" itemprop=\"image\" height=\"100\" width=\"100\" title=\"Persona de apoyo a las v\u00edctimas scc211 b82b277a0e\" onerror=\"this.style.display='none'\"  \/>\n\t\t<h3>Persona de apoyo a las v\u00edctimas<\/h3><p><a href=\"https:\/\/search.211santacruzcounty.org\/search?query=FP-0500&amp;query_label=Advocate&amp;query_type=taxonomy\" target=\"_blank\" rel=\"noopener\">Defensor<\/a><\/p>\n<p><a href=\"https:\/\/search.211santacruzcounty.org\/search?query=FN-1900.2500&amp;query_label=Case%20Manager%3A%20General%20Social%20Services&amp;query_type=taxonomy\" target=\"_blank\" rel=\"noopener\">Gestor de casos: Servicios sociales generales<\/a><\/p>\n<p><a href=\"https:\/\/search.211santacruzcounty.org\/search?query=RP-1400.8000-160%2CFN-2100&amp;query_label=Case%20Manager%3A%20Survivor%20Services&amp;query_type=taxonomy\" target=\"_blank\" rel=\"noopener\">Administrador de casos: Servicios para sobrevivientes<\/a><\/p>\n\t\t\t\t<img loading=\"lazy\" decoding=\"async\" src=\"https:\/\/211santacruzcounty.org\/wp-content\/uploads\/2024\/08\/basic_needs_scc211_b18d4d4ff8.svg\" alt=\"necesidades b\u00e1sicas scc211 b18d4d4ff8\" itemprop=\"image\" height=\"100\" width=\"100\" title=\"necesidades b\u00e1sicas scc211 b18d4d4ff8\" onerror=\"this.style.display='none'\"  \/>\n\t\t<h3>Necesidades b\u00e1sicas<\/h3><p><a href=\"https:\/\/search.211santacruzcounty.org\/search?query=BD-1800.1000&amp;query_label=Food&amp;query_type=taxonomy\" target=\"_blank\" rel=\"noopener\">Alimento<\/a><\/p>\n<p><a href=\"https:\/\/search.211santacruzcounty.org\/search?query=BH-8600&amp;query_label=Shelter%2FProtective%20Care&amp;query_type=taxonomy\" target=\"_blank\" rel=\"noopener\">Refugio \/ Cuidado protector<\/a><\/p>\n<p><a href=\"https:\/\/search.211santacruzcounty.org\/search?query=LH-5100.5000&amp;query_label=Medical%20Services&amp;query_type=taxonomy\" target=\"_blank\" rel=\"noopener\">Servicios m\u00e9dicos<\/a><\/p>\n<p><a href=\"https:\/\/search.211santacruzcounty.org\/search?query=NT-8900&amp;query_label=General%20financial%20assistance&amp;query_type=taxonomy\" target=\"_blank\" rel=\"noopener\">Asistencia financiera general<\/a><\/p>\n<p><a href=\"https:\/\/search.211santacruzcounty.org\/search?query=BT-4500.6500-500&amp;query_label=Child%20Care%2FTransportation%20to%20attend%20services%20or%20court%20proceedings&amp;query_type=taxonomy\" target=\"_blank\" rel=\"noopener\">Cuidado de ni\u00f1os \/ Transporte para asistir a servicios o procedimientos judiciales<\/a><\/p>\n<p>&nbsp;<\/p>\n\t\t\t\t<img loading=\"lazy\" decoding=\"async\" src=\"https:\/\/211santacruzcounty.org\/wp-content\/uploads\/2024\/08\/legal_services_scc211_92ca1defc7.svg\" alt=\"servicios legales scc211 92ca1defc7\" itemprop=\"image\" height=\"100\" width=\"100\" title=\"servicios legales scc211 92ca1defc7\" onerror=\"this.style.display='none'\"  \/>\n\t\t<h3>Servicios legales<\/h3><p><a href=\"https:\/\/search.211santacruzcounty.org\/search?query=FT-6940&amp;query_label=Restraining%20Orders&amp;query_type=taxonomy\" target=\"_blank\" rel=\"noopener\">\u00d3rdenes de restricci\u00f3n<\/a><\/p>\n<p><a href=\"https:\/\/search.211santacruzcounty.org\/search?query=YZ-3350&amp;query_label=Immigration%20services%20(including%20U-Visas)&amp;query_type=taxonomy\" target=\"_blank\" rel=\"noopener\">Servicios de inmigraci\u00f3n (incluidas las visas U)<\/a><\/p>\n<p><a href=\"https:\/\/search.211santacruzcounty.org\/search?query=FT-2800.1500&amp;query_label=Record%20clearance%20to%20support%20obtaining%20victims%20services&amp;query_type=taxonomy\" target=\"_blank\" rel=\"noopener\">Autorizaci\u00f3n de antecedentes penales para facilitar la obtenci\u00f3n de servicios a las v\u00edctimas<\/a><\/p>\n<p><a href=\"https:\/\/search.211santacruzcounty.org\/search?query=FN-1900.0500%2CTJ-3200.4500&amp;query_label=Support%20with%20Court%20Processes%20&amp;query_type=taxonomy\" target=\"_blank\" rel=\"noopener\">Apoyo en procesos judiciales<\/a><\/p>\n<p><a href=\"https:\/\/search.211santacruzcounty.org\/search?query=PH-6500.0500-050&amp;query_label=Support%20with%20Police%20and%20Investigation%20services%20&amp;query_type=taxonomy\" target=\"_blank\" rel=\"noopener\">Apoyo a la Polic\u00eda y Servicios de Investigaci\u00f3n<\/a><\/p>\n\t\t\t\t<img loading=\"lazy\" decoding=\"async\" src=\"https:\/\/211santacruzcounty.org\/wp-content\/uploads\/2024\/08\/financial_scc211_46266529ef.svg\" alt=\"financiera_scc211_46266529ef\" itemprop=\"image\" height=\"100\" width=\"100\" title=\"financiera_scc211_46266529ef\" onerror=\"this.style.display='none'\"  \/>\n\t\t<h3>Financiero<\/h3><p><a href=\"https:\/\/search.211santacruzcounty.org\/search?query=FN-1900.1500&amp;query_label=Victim%20Compensation%20(VOCA)&amp;query_type=taxonomy\" target=\"_blank\" rel=\"noopener\">Compensaci\u00f3n a las v\u00edctimas (VOCA)<\/a><\/p>\n<p><a href=\"https:\/\/search.211santacruzcounty.org\/search?query=FN-1900.1500&amp;query_label=Financial%20restitution&amp;query_type=taxonomy\" target=\"_blank\" rel=\"noopener\">Restituci\u00f3n financiera<\/a><\/p>\n<p><a href=\"https:\/\/search.211santacruzcounty.org\/search?query=PB-0900&amp;query_label=Support%20with%20funeral%20expenses&amp;query_type=taxonomy\" target=\"_blank\" rel=\"noopener\">Apoyo con los gastos funerarios<\/a><\/p>\n<p><a href=\"https:\/\/search.211santacruzcounty.org\/search?query=BH-3800.7000&amp;query_label=Rental%20assistance&amp;query_type=taxonomy\" target=\"_blank\" rel=\"noopener\">Asistencia para el alquiler<\/a><\/p>\n\t\t\t\t<img loading=\"lazy\" decoding=\"async\" src=\"https:\/\/211santacruzcounty.org\/wp-content\/uploads\/2024\/08\/elder_abuse_scc211_3d9545a261.svg\" alt=\"abuso_a_ancianos_scc211_3d9545a261\" itemprop=\"image\" height=\"100\" width=\"100\" title=\"abuso_a_ancianos_scc211_3d9545a261\" onerror=\"this.style.display='none'\"  \/>\n\t\t<h3>Maltrato a ancianos<\/h3><p><a href=\"https:\/\/search.211santacruzcounty.org\/search?query=RP-1400.8000-020.24%2CRP-1500.1400-210%2CYZ-1900%2CFN-1500.1900-180%2CPN-8100.0200-200%2CPH-6500.0500-180&amp;query_label=Elder%20Abuse%20Resources&amp;query_type=taxonomy\" target=\"_blank\" rel=\"noopener\">Recursos sobre el maltrato a personas mayores<\/a><\/p>\n\t\t\t\t<img loading=\"lazy\" decoding=\"async\" src=\"https:\/\/211santacruzcounty.org\/wp-content\/uploads\/2024\/08\/mental_health_scc211_ee7233296e.svg\" alt=\"salud mental scc211_ee7233296e\" itemprop=\"image\" height=\"100\" width=\"100\" title=\"salud mental scc211_ee7233296e\" onerror=\"this.style.display='none'\"  \/>\n\t\t<h3>Salud mental<\/h3><p><a href=\"https:\/\/search.211santacruzcounty.org\/search?query=RP-1400.8000-100&amp;query_label=Grief%20Counseling&amp;query_type=taxonomy\" target=\"_blank\" rel=\"noopener\">Asesoramiento sobre el duelo<\/a><\/p>\n<p><a href=\"https:\/\/search.211santacruzcounty.org\/search?query=RR-5150.2500&amp;query_label=Mental%20Health%20Services&amp;query_type=taxonomy\" target=\"_blank\" rel=\"noopener\">Servicios de salud mental<\/a><\/p>\n<p><a href=\"https:\/\/search.211santacruzcounty.org\/search?query=PN-8100.0200-130%2CPN-8100.0200-180%2CPN-8100.0200-100&amp;query_label=Support%20Groups&amp;query_type=taxonomy\" target=\"_blank\" rel=\"noopener\">Grupos de apoyo<\/a><\/p>\n\t\t\t\t<img loading=\"lazy\" decoding=\"async\" src=\"https:\/\/211santacruzcounty.org\/wp-content\/uploads\/2024\/08\/substance_use_scc211_32a47f4a1c.svg\" alt=\"uso de sustancias scc211_32a47f4a1c\" itemprop=\"image\" height=\"100\" width=\"100\" title=\"uso de sustancias scc211_32a47f4a1c\" onerror=\"this.style.display='none'\"  \/>\n\t\t<h3>Uso de sustancias<\/h3><p><a href=\"https:\/\/search.211santacruzcounty.org\/search?query=PN-8100.0500-270&amp;query_label=Substance%20Use%20Resources&amp;query_type=taxonomy\" target=\"_blank\" rel=\"noopener\">Recursos sobre el consumo de sustancias<\/a><\/p>\n\t\t\t\t<img loading=\"lazy\" decoding=\"async\" src=\"https:\/\/211santacruzcounty.org\/wp-content\/uploads\/2024\/08\/restorative_processes_scc211_32bce4e834.svg\" alt=\"procesos restaurativos_scc211_32bce4e834\" itemprop=\"image\" height=\"100\" width=\"100\" title=\"procesos restaurativos_scc211_32bce4e834\" onerror=\"this.style.display='none'\"  \/>\n\t\t<h3>Procesos restaurativos<\/h3><p><a href=\"https:\/\/search.211santacruzcounty.org\/search?query=FN-1900.9000&amp;query_label=Victim-Offender%20Dialogue&amp;query_type=taxonomy\" target=\"_blank\" rel=\"noopener\">Di\u00e1logo entre v\u00edctimas y delincuentes<\/a><\/p>\n<p><a href=\"https:\/\/search.211santacruzcounty.org\/search?query=FN-1900.9000&amp;query_label=Restorative%20Circles&amp;query_type=taxonomy\" target=\"_blank\" rel=\"noopener\">C\u00edrculos restaurativos<\/a><\/p>\n<p><a href=\"https:\/\/search.211santacruzcounty.org\/search?query=FN-1900.9000&amp;query_label=Mediation&amp;query_type=taxonomy\" target=\"_blank\" rel=\"noopener\">Mediaci\u00f3n<\/a><\/p>\n<p><a href=\"https:\/\/search.211santacruzcounty.org\/search?query=FF-0500.1300%2CYP-1450&amp;query_label=Restitution&amp;query_type=taxonomy\" target=\"_blank\" rel=\"noopener\">Restituci\u00f3n<\/a><\/p>\n\t<p>Vea los recursos espec\u00edficos que tenemos en formato PDF, folletos o enlaces de terceros para obtener m\u00e1s informaci\u00f3n.<\/p>\n<h2>\n\t\tRecursos\n\t<\/h2>\n\t\t\t\t<a href=\"\/wp-content\/uploads\/2024\/08\/RJ-in-Santa-Cruz-Handout-ENG-ESP-FINAL.pdf\" target=\"_blank\" rel=\"noopener\" itemprop=\"url\">\n\t\t\t\t<img loading=\"lazy\" decoding=\"async\" src=\"https:\/\/211santacruzcounty.org\/wp-content\/uploads\/bb-plugin\/cache\/pexels-pavel-danilyuk-8112199-landscape-42fc25db91f43f54e1d677c687482326-.jpg\" alt=\"pexels-pavel-danilyuk-8112199\" itemprop=\"image\" height=\"854\" width=\"1279\" title=\"pexels-pavel-danilyuk-8112199\" onerror=\"this.style.display='none'\"  \/>\n\t\t\t\t<\/a>\n<h3><a href=\"\/wp-content\/uploads\/2024\/08\/RJ-in-Santa-Cruz-Handout-ENG-ESP-FINAL.pdf\" target=\"_blank\" rel=\"noopener\">Justicia restaurativa<\/a><\/h3><p>Obtenga m\u00e1s informaci\u00f3n sobre qu\u00e9 es la justicia restaurativa (RJ), a qui\u00e9n ayuda, qui\u00e9n ofrece servicios de RJ en el condado de Santa Cruz y qui\u00e9n puede acceder a estos servicios.<\/p>\n\t\t\t<a href=\"\/wp-content\/uploads\/2024\/08\/RJ-in-Santa-Cruz-Handout-ENG-ESP-FINAL.pdf\" target=\"_blank\" rel=\"noopener\">\n\t\t\t\t\t\tVer en ingl\u00e9s y espa\u00f1ol\n\t\t\t\t\t<\/a>\n\t\t\t\t<a href=\"\/wp-content\/uploads\/2024\/08\/SCCUSIC_Booklet_2022.pdf\" target=\"_blank\" rel=\"noopener\" itemprop=\"url\">\n\t\t\t\t<img loading=\"lazy\" decoding=\"async\" src=\"https:\/\/211santacruzcounty.org\/wp-content\/uploads\/bb-plugin\/cache\/pexels-pixabay-236147-landscape-a9b239b62fad78a90c32ce1c6c5dbe5d-.jpg\" alt=\"pexels-pixabay-236147\" itemprop=\"image\" height=\"853\" width=\"1280\" title=\"pexels-pixabay-236147\" onerror=\"this.style.display='none'\"  \/>\n\t\t\t\t<\/a>\n<h3><a href=\"\/wp-content\/uploads\/2024\/08\/SCCUSIC_Booklet_2022.pdf\" target=\"_blank\" rel=\"noopener\">Sobrevivientes de incidentes o delitos motivados por odio y prejuicios<\/a><\/h3><p>Obtenga informaci\u00f3n sobre Santa Cruz County United for Safe and Inclusive Communities (SCCUSIC), otras organizaciones \u00fatiles, una declaraci\u00f3n de derechos de las v\u00edctimas y definiciones de odio y prejuicio en este folleto.<\/p>\n\t\t\t<a href=\"\/wp-content\/uploads\/2024\/08\/SCCUSIC_Booklet_2022.pdf\" target=\"_blank\" rel=\"noopener\">\n\t\t\t\t\t\tVer en ingl\u00e9s\n\t\t\t\t\t<\/a>\n\t\t\t\t<a href=\"\/wp-content\/uploads\/2024\/08\/What-happens-when-you-call-911-04.03.24.pdf\" target=\"_blank\" rel=\"noopener\" itemprop=\"url\">\n\t\t\t\t<img loading=\"lazy\" decoding=\"async\" src=\"https:\/\/211santacruzcounty.org\/wp-content\/uploads\/bb-plugin\/cache\/pexels-pixabay-532001-landscape-c0332436b8198dc05e1f041ece88d383-.jpg\" alt=\"pexels-pixabay-532001\" itemprop=\"image\" height=\"853\" width=\"1280\" title=\"pexels-pixabay-532001\" onerror=\"this.style.display='none'\"  \/>\n\t\t\t\t<\/a>\n<h3><a href=\"\/wp-content\/uploads\/2024\/08\/What-happens-when-you-call-911-04.03.24.pdf\" target=\"_blank\" rel=\"noopener\">\u00bfQu\u00e9 pasa cuando llamas al 911?<\/a><\/h3><p>Aprenda qu\u00e9 sucede cuando marca el 911, desde qui\u00e9n responde y llega la polic\u00eda hasta la protecci\u00f3n de las v\u00edctimas y si alguien es arrestado.<\/p>\n\t\t\t<a href=\"\/wp-content\/uploads\/2024\/08\/What-happens-when-you-call-911-04.03.24.pdf\" target=\"_blank\" rel=\"noopener\">\n\t\t\t\t\t\tVer en ingl\u00e9s\n\t\t\t\t\t<\/a>\n\t\t\t<a href=\"\/wp-content\/uploads\/2024\/08\/What-happens-when-you-call-911-ESP-04.03.24.pdf\" target=\"_blank\" rel=\"noopener\">\n\t\t\t\t\t\tVer en espa\u00f1ol\n\t\t\t\t\t<\/a>\n\t\t\t\t<a href=\"\/wp-content\/uploads\/2024\/08\/What-happens-when-you-go-to-Court-04.03.24.pdf\" target=\"_blank\" rel=\"noopener\" itemprop=\"url\">\n\t\t\t\t<img loading=\"lazy\" decoding=\"async\" src=\"https:\/\/211santacruzcounty.org\/wp-content\/uploads\/bb-plugin\/cache\/pexels-ekaterina-bolovtsova-6077326-landscape-7aaa47fa53dec349b947a3e599451632-.jpg\" alt=\"pexels-ekaterina-bolovtsova-6077326\" itemprop=\"image\" height=\"853\" width=\"1280\" title=\"pexels-ekaterina-bolovtsova-6077326\" onerror=\"this.style.display='none'\"  \/>\n\t\t\t\t<\/a>\n<h3><a href=\"\/wp-content\/uploads\/2024\/08\/What-happens-when-you-go-to-Court-04.03.24.pdf\" target=\"_blank\" rel=\"noopener\">\u00bfQu\u00e9 pasa cuando vas a la corte?<\/a><\/h3><p>Aprenda sobre lo que sucede cuando acude a la corte, desde la presentaci\u00f3n y el proceso judicial hasta los juicios con jurado y los derechos de las v\u00edctimas.<\/p>\n\t\t\t<a href=\"\/wp-content\/uploads\/2024\/08\/What-happens-when-you-go-to-Court-04.03.24.pdf\" target=\"_blank\" rel=\"noopener\">\n\t\t\t\t\t\tVer en ingl\u00e9s\n\t\t\t\t\t<\/a>\n\t\t\t<a href=\"\/wp-content\/uploads\/2024\/08\/What-happens-when-you-go-to-Court-ESP-04.03.24.pdf\" target=\"_blank\" rel=\"noopener\">\n\t\t\t\t\t\tVer en espa\u00f1ol\n\t\t\t\t\t<\/a>\n\t\t\t\t<a href=\"https:\/\/www.meganslaw.ca.gov\/\" target=\"_blank\" rel=\"noopener\" itemprop=\"url\">\n\t\t\t\t<img loading=\"lazy\" decoding=\"async\" src=\"https:\/\/211santacruzcounty.org\/wp-content\/uploads\/bb-plugin\/cache\/pexels-kowalievska-1174768-landscape-560b7bb2702a50741aa08843e4ef00b3-.jpg\" alt=\"pexels-kowalievska-1174768\" itemprop=\"image\" height=\"853\" width=\"1280\" title=\"pexels-kowalievska-1174768\" onerror=\"this.style.display='none'\"  \/>\n\t\t\t\t<\/a>\n<h3><a href=\"https:\/\/www.meganslaw.ca.gov\/\" target=\"_blank\" rel=\"noopener\">B\u00fasqueda de delincuentes sexuales en California<\/a><\/h3><p>Visite el sitio web de la Ley Megan del Departamento de Justicia de California para buscar delincuentes sexuales registrados para promover la seguridad p\u00fablica.<\/p>\n\t\t\t<a href=\"https:\/\/www.meganslaw.ca.gov\/\" target=\"_blank\" rel=\"noopener\">\n\t\t\t\t\t\tVe ahora\n\t\t\t\t\t<\/a>\n\t\t\t\t<a href=\"https:\/\/www.marsyslaw.us\/\" target=\"_blank\" rel=\"noopener\" itemprop=\"url\">\n\t\t\t\t<img loading=\"lazy\" decoding=\"async\" src=\"https:\/\/211santacruzcounty.org\/wp-content\/uploads\/bb-plugin\/cache\/pexels-sora-shimazaki-5668838-landscape-2b32685ee953b2cc5abe8aeb9ffc83e5-.jpg\" alt=\"pexels-sora-shimazaki-5668838\" itemprop=\"image\" height=\"853\" width=\"1280\" title=\"pexels-sora-shimazaki-5668838\" onerror=\"this.style.display='none'\"  \/>\n\t\t\t\t<\/a>\n<h3><a href=\"https:\/\/www.marsyslaw.us\/\" target=\"_blank\" rel=\"noopener\">Garantizar la igualdad de derechos a las v\u00edctimas de delitos<\/a><\/h3><p>La Ley de Marsy garantiza que las v\u00edctimas de delitos tengan derechos constitucionales iguales al mismo nivel que los acusados y condenados por delitos.<\/p>\n<p>Visita su sitio web para obtener m\u00e1s informaci\u00f3n.<\/p>\n\t\t\t<a href=\"https:\/\/www.marsyslaw.us\/\" target=\"_blank\" rel=\"noopener\">\n\t\t\t\t\t\tVe ahora\n\t\t\t\t\t<\/a>","protected":false},"excerpt":{"rendered":"<p>Si usted o alguien que conoce es v\u00edctima de un delito, busque en l\u00ednea en nuestro directorio a continuaci\u00f3n de m\u00e1s de 500 recursos locales para ayudarlo a encontrar lo que est\u00e1 buscando o visite nuestra aplicaci\u00f3n de b\u00fasqueda aqu\u00ed. Categor\u00edas de b\u00fasqueda V\u00edctimas Persona de apoyo Defensor Administrador de casos: Servicios sociales generales Administrador de casos: Servicios para sobrevivientes Necesidades b\u00e1sicas Comida Refugio\u2026<\/p>","protected":false},"author":1,"featured_media":4204,"parent":0,"menu_order":0,"comment_status":"closed","ping_status":"closed","template":"","meta":{"footnotes":""},"class_list":["post-4192","page","type-page","status-publish","has-post-thumbnail","hentry"],"_links":{"self":[{"href":"https:\/\/211santacruzcounty.org\/es\/wp-json\/wp\/v2\/pages\/4192","targetHints":{"allow":["GET"]}}],"collection":[{"href":"https:\/\/211santacruzcounty.org\/es\/wp-json\/wp\/v2\/pages"}],"about":[{"href":"https:\/\/211santacruzcounty.org\/es\/wp-json\/wp\/v2\/types\/page"}],"author":[{"embeddable":true,"href":"https:\/\/211santacruzcounty.org\/es\/wp-json\/wp\/v2\/users\/1"}],"replies":[{"embeddable":true,"href":"https:\/\/211santacruzcounty.org\/es\/wp-json\/wp\/v2\/comments?post=4192"}],"version-history":[{"count":10,"href":"https:\/\/211santacruzcounty.org\/es\/wp-json\/wp\/v2\/pages\/4192\/revisions"}],"predecessor-version":[{"id":4225,"href":"https:\/\/211santacruzcounty.org\/es\/wp-json\/wp\/v2\/pages\/4192\/revisions\/4225"}],"wp:featuredmedia":[{"embeddable":true,"href":"https:\/\/211santacruzcounty.org\/es\/wp-json\/wp\/v2\/media\/4204"}],"wp:attachment":[{"href":"https:\/\/211santacruzcounty.org\/es\/wp-json\/wp\/v2\/media?parent=4192"}],"curies":[{"name":"gracias","href":"https:\/\/api.w.org\/{rel}","templated":true}]}}