{"id":4189,"date":"2024-09-05T13:16:28","date_gmt":"2024-09-05T20:16:28","guid":{"rendered":"https:\/\/211santacruzcounty.org\/?page_id=4189"},"modified":"2026-03-19T12:10:34","modified_gmt":"2026-03-19T19:10:34","slug":"contacts-housing-shelter-sober-living","status":"publish","type":"page","link":"https:\/\/211santacruzcounty.org\/es\/contactos-vivienda-refugio-vida-sobria\/","title":{"rendered":"Recursos de vivienda"},"content":{"rendered":"<h3><a href=\"https:\/\/unitedwaysc.sharepoint.com\/:w:\/s\/PublicDocuments\/EcW6IJY43fZFuOeXoSU81DYBamWEmgAe5gVo7ZDM9XKBcw\" target=\"_blank\" rel=\"noopener\">Vida sobria<\/a><\/h3><figure itemscope itemtype=\"https:\/\/schema.org\/ImageObject\">\n\t\t\t\t<a href=\"https:\/\/unitedwaysc.sharepoint.com\/:w:\/s\/PublicDocuments\/EcW6IJY43fZFuOeXoSU81DYBamWEmgAe5gVo7ZDM9XKBcw\" target=\"_blank\" rel=\"noopener\" itemprop=\"url\">\n\t\t\t\t<img decoding=\"async\" src=\"https:\/\/211santacruzcounty.org\/wp-content\/uploads\/bb-plugin\/cache\/pexels-jason-boyd-1388339-3209045-landscape-a8927a6d6f7b52604262c2e6a95db64f-.jpg\" alt=\"pexels-jason-boyd-1388339-3209045\" height=\"1280\" width=\"1920\" title=\"pexels-jason-boyd-1388339-3209045\" onerror=\"this.style.display='none'\" loading=\"lazy\" \/>\n\t\t\t\t<\/a>\n\t<\/figure>\n<hr \/>\n<p>Descubra cu\u00e1ntas camas hay disponibles, qui\u00e9n tiene lista de espera, el costo y m\u00e1s.<\/p>\n<a href=\"https:\/\/unitedwaysc.sharepoint.com\/:w:\/s\/PublicDocuments\/EcW6IJY43fZFuOeXoSU81DYBamWEmgAe5gVo7ZDM9XKBcw\" rel=\"noopener\" target=\"_blank\">Vea el \u00faltimo gr\u00e1fico aqu\u00ed<\/a>\t\n\t\t<h3><a href=\"https:\/\/unitedwaysc-my.sharepoint.com\/:w:\/g\/personal\/bgutierrez_unitedwaysc_org\/EWez4KsLIxlGk22dtjDqS-kBVN8-Ed6KmLY5mkOOSJB4sg?e=IXSEsp\" target=\"_blank\" rel=\"noopener\">Refugios provisionales<\/a><\/h3><figure itemscope itemtype=\"https:\/\/schema.org\/ImageObject\">\n\t\t\t\t<a href=\"https:\/\/unitedwaysc-my.sharepoint.com\/:w:\/g\/personal\/bgutierrez_unitedwaysc_org\/EWez4KsLIxlGk22dtjDqS-kBVN8-Ed6KmLY5mkOOSJB4sg?e=IXSEsp\" target=\"_blank\" rel=\"noopener\" itemprop=\"url\">\n\t\t\t\t<img decoding=\"async\" src=\"https:\/\/211santacruzcounty.org\/wp-content\/uploads\/bb-plugin\/cache\/pexels-cottonbro-6590933-scaled-landscape-e363ef4d7ae4086f6ef6f081690a2901-.jpg\" alt=\"pexels-cottonbro-6590933\" height=\"2560\" width=\"1707\" title=\"pexels-cottonbro-6590933\" onerror=\"this.style.display='none'\" loading=\"lazy\" \/>\n\t\t\t\t<\/a>\n\t<\/figure>\n<hr \/>\n<p>Descubra cu\u00e1ntas camas\/unidades est\u00e1n disponibles, elegibilidad, horarios de admisi\u00f3n, procesos de derivaci\u00f3n, qui\u00e9nes tienen listas de espera y m\u00e1s.<\/p>\n<a href=\"https:\/\/unitedwaysc-my.sharepoint.com\/:w:\/g\/personal\/bgutierrez_unitedwaysc_org\/EWez4KsLIxlGk22dtjDqS-kBVN8-Ed6KmLY5mkOOSJB4sg?e=IXSEsp\" rel=\"noopener\" target=\"_blank\">Vea el \u00faltimo gr\u00e1fico aqu\u00ed<\/a>\t\n\t\t<h3><a href=\"https:\/\/unitedwaysc-my.sharepoint.com\/:w:\/g\/personal\/bgutierrez_unitedwaysc_org\/IQC7-pdorOy2R5NiYKkisanMAcO7Vx3uhjvbtdC3kLXOSC4?e=bToKkn\" target=\"_blank\" rel=\"noopener\">Estacionamiento seguro<\/a><\/h3><figure itemscope itemtype=\"https:\/\/schema.org\/ImageObject\">\n\t\t\t\t<a href=\"https:\/\/unitedwaysc-my.sharepoint.com\/:w:\/g\/personal\/bgutierrez_unitedwaysc_org\/IQC7-pdorOy2R5NiYKkisanMAcO7Vx3uhjvbtdC3kLXOSC4?e=bToKkn\" target=\"_blank\" rel=\"noopener\" itemprop=\"url\">\n\t\t\t\t<img decoding=\"async\" src=\"https:\/\/211santacruzcounty.org\/wp-content\/uploads\/bb-plugin\/cache\/parking-landscape-072379dbe230a94a1bec5ee98613e844-.jpg\" alt=\"aparcamiento\" height=\"687\" width=\"636\" title=\"aparcamiento\" onerror=\"this.style.display='none'\" loading=\"lazy\" \/>\n\t\t\t\t<\/a>\n\t<\/figure>\n<hr \/>\n<p>Encuentre informaci\u00f3n sobre lugares de estacionamiento seguros, cu\u00e1ntos lugares hay, elegibilidad y m\u00e1s.<\/p>\n<a href=\"https:\/\/unitedwaysc-my.sharepoint.com\/:w:\/g\/personal\/bgutierrez_unitedwaysc_org\/IQC7-pdorOy2R5NiYKkisanMAcO7Vx3uhjvbtdC3kLXOSC4?e=bToKkn\" rel=\"noopener\" target=\"_blank\">Vea el \u00faltimo gr\u00e1fico aqu\u00ed<\/a>\t\n\t\t<h3><a href=\"https:\/\/docs.google.com\/spreadsheets\/d\/1IydUP61GPDe61po5hP8t-SOuWOmRsH8aKrGfnMiCJyI\/edit?usp=sharing\" target=\"_blank\" rel=\"noopener\">Vivienda asequible<\/a><\/h3><figure itemscope itemtype=\"https:\/\/schema.org\/ImageObject\">\n\t\t\t\t<a href=\"https:\/\/docs.google.com\/spreadsheets\/d\/1IydUP61GPDe61po5hP8t-SOuWOmRsH8aKrGfnMiCJyI\/edit?usp=sharing\" target=\"_blank\" rel=\"noopener\" itemprop=\"url\">\n\t\t\t\t<img decoding=\"async\" src=\"https:\/\/211santacruzcounty.org\/wp-content\/uploads\/bb-plugin\/cache\/pexels-eye4dtail-129494-landscape-82f1e5abb2395fd1c578d77d086b59ab-.jpg\" alt=\"pexels-eye4dtail-129494\" height=\"910\" width=\"1280\" title=\"pexels-eye4dtail-129494\" onerror=\"this.style.display='none'\" loading=\"lazy\" \/>\n\t\t\t\t<\/a>\n\t<\/figure>\n<hr \/>\n<p>Descubra cu\u00e1ntas unidades de dormitorio est\u00e1n disponibles, la elegibilidad, el estado en las listas de espera y m\u00e1s.<\/p>\n<a href=\"https:\/\/docs.google.com\/spreadsheets\/d\/1IydUP61GPDe61po5hP8t-SOuWOmRsH8aKrGfnMiCJyI\/edit?usp=sharing\" rel=\"noopener\" target=\"_blank\">Vea el \u00faltimo gr\u00e1fico aqu\u00ed<\/a>","protected":false},"excerpt":{"rendered":"<p>Vida Sobria: Averig\u00fce cu\u00e1ntas camas hay disponibles, qui\u00e9nes est\u00e1n en lista de espera, el costo y m\u00e1s. Consulte la tabla m\u00e1s reciente aqu\u00ed. Refugios Provisionales: Averig\u00fce cu\u00e1ntas camas\/unidades hay disponibles, requisitos de elegibilidad, horarios de admisi\u00f3n, procesos de derivaci\u00f3n, qui\u00e9nes est\u00e1n en lista de espera y m\u00e1s. Consulte la tabla m\u00e1s reciente aqu\u00ed. Estacionamiento Seguro: Encuentre informaci\u00f3n sobre lugares de estacionamiento seguros, cu\u00e1ntos\u2026<\/p>","protected":false},"author":1,"featured_media":3905,"parent":0,"menu_order":0,"comment_status":"closed","ping_status":"closed","template":"","meta":{"footnotes":""},"class_list":["post-4189","page","type-page","status-publish","has-post-thumbnail","hentry"],"_links":{"self":[{"href":"https:\/\/211santacruzcounty.org\/es\/wp-json\/wp\/v2\/pages\/4189","targetHints":{"allow":["GET"]}}],"collection":[{"href":"https:\/\/211santacruzcounty.org\/es\/wp-json\/wp\/v2\/pages"}],"about":[{"href":"https:\/\/211santacruzcounty.org\/es\/wp-json\/wp\/v2\/types\/page"}],"author":[{"embeddable":true,"href":"https:\/\/211santacruzcounty.org\/es\/wp-json\/wp\/v2\/users\/1"}],"replies":[{"embeddable":true,"href":"https:\/\/211santacruzcounty.org\/es\/wp-json\/wp\/v2\/comments?post=4189"}],"version-history":[{"count":11,"href":"https:\/\/211santacruzcounty.org\/es\/wp-json\/wp\/v2\/pages\/4189\/revisions"}],"predecessor-version":[{"id":4462,"href":"https:\/\/211santacruzcounty.org\/es\/wp-json\/wp\/v2\/pages\/4189\/revisions\/4462"}],"wp:featuredmedia":[{"embeddable":true,"href":"https:\/\/211santacruzcounty.org\/es\/wp-json\/wp\/v2\/media\/3905"}],"wp:attachment":[{"href":"https:\/\/211santacruzcounty.org\/es\/wp-json\/wp\/v2\/media?parent=4189"}],"curies":[{"name":"gracias","href":"https:\/\/api.w.org\/{rel}","templated":true}]}}