{"id":4160,"date":"2024-07-16T15:33:22","date_gmt":"2024-07-16T22:33:22","guid":{"rendered":"https:\/\/211santacruzcounty.org\/?page_id=4160"},"modified":"2026-03-19T12:12:36","modified_gmt":"2026-03-19T19:12:36","slug":"connection-services-housing-form","status":"publish","type":"page","link":"https:\/\/211santacruzcounty.org\/es\/conexion-servicios-vivienda-formulario\/","title":{"rendered":"Solicitar servicios de conexi\u00f3n"},"content":{"rendered":"<figure itemscope itemtype=\"https:\/\/schema.org\/ImageObject\">\n\t\t\t\t<a href=\"https:\/\/211santacruzcounty.org\/es\/contactos-vivienda-refugio-vida-sobria\/\"  target=\"_self\" itemprop=\"url\">\n\t\t\t\t<img decoding=\"async\" src=\"https:\/\/211santacruzcounty.org\/wp-content\/uploads\/2024\/07\/santa-cruz-county-housing-for-health-partnership.jpeg\" alt=\"Asociaci\u00f3n de Vivienda para la Salud del Condado de Santa Cruz\" height=\"108\" width=\"467\" title=\"Asociaci\u00f3n de Vivienda para la Salud del Condado de Santa Cruz\" onerror=\"this.style.display='none'\" loading=\"lazy\" \/>\n\t\t\t\t<\/a>\n\t<\/figure>\n<h3><a href=\"https:\/\/211santacruzcounty.org\/es\/contactos-vivienda-refugio-vida-sobria\/\" target=\"_self\">Recursos de vivienda<\/a><\/h3><p><strong>Consulte los recursos de vida sobria, refugios provisionales, estacionamiento seguro y vivienda asequible.<\/strong><\/p>\n\t\t\t<a href=\"https:\/\/211santacruzcounty.org\/es\/contactos-vivienda-refugio-vida-sobria\/\"  target=\"_self\">\n\t\t\t\t\t\tVe ahora\n\t\t\t\t\t<\/a>\n\t<h5>211 El condado de Santa Cruz est\u00e1 asociado con varios servicios y apoyos que pueden ayudar a las personas sin hogar. A pesar de estas conexiones, hay recursos de vivienda y refugio muy limitados disponibles en el condado de Santa Cruz, y no todas las personas que buscan un recurso de vivienda pueden recibirlo de inmediato.<\/h5>\n<h5>211 El condado de Santa Cruz, en asociaci\u00f3n con la Divisi\u00f3n de Vivienda para la Salud del condado, <strong>est\u00e1 aqu\u00ed para ayudar a vincular a las personas con los apoyos disponibles y ayudar a identificar recursos potenciales para vivienda y otras necesidades.<\/strong><\/h5>\n<h5><strong>Para cualquier duda<\/strong> Respecto al formulario de solicitud de servicios de conexi\u00f3n <strong>Comun\u00edquese con 211scc@unitedwaysc.org<\/strong><\/h5>\n\t<p>Si usted o alguien que conoce se encuentra en situaci\u00f3n de calle y no trabaja con un Conector, env\u00ede este formulario de solicitud para los Servicios de Conexi\u00f3n. Esto permitir\u00e1 que el 211 del Condado de Santa Cruz revise la situaci\u00f3n del hogar, determine el apoyo disponible y le recomiende recursos. Tambi\u00e9n podr\u00eda ayudarle a conectarse con un Conector de Entrada Coordinada para una evaluaci\u00f3n m\u00e1s detallada, seg\u00fan la disponibilidad.<\/p>\n\t<p><strong>Importante: Proporcione informaci\u00f3n de contacto detallada y aseg\u00farese de completar todo el formulario.<\/strong><\/p>\n<p>Este formulario no es una evaluaci\u00f3n de ingreso coordinado y no lo coloca en la cola de vivienda.<\/p>","protected":false},"excerpt":{"rendered":"<p>Recursos de Vivienda. Consulte los recursos de vivienda sobria, albergues provisionales, estacionamiento seguro y vivienda asequible. Visite ahora el 211. El condado de Santa Cruz cuenta con diversos servicios y apoyos que pueden ayudar a las personas sin hogar. A pesar de estas conexiones, los recursos de vivienda y albergue disponibles en el condado de Santa Cruz son muy limitados, y no todos los que buscan vivienda\u2026<\/p>","protected":false},"author":1,"featured_media":4121,"parent":0,"menu_order":0,"comment_status":"closed","ping_status":"closed","template":"","meta":{"footnotes":""},"class_list":["post-4160","page","type-page","status-publish","has-post-thumbnail","hentry"],"_links":{"self":[{"href":"https:\/\/211santacruzcounty.org\/es\/wp-json\/wp\/v2\/pages\/4160","targetHints":{"allow":["GET"]}}],"collection":[{"href":"https:\/\/211santacruzcounty.org\/es\/wp-json\/wp\/v2\/pages"}],"about":[{"href":"https:\/\/211santacruzcounty.org\/es\/wp-json\/wp\/v2\/types\/page"}],"author":[{"embeddable":true,"href":"https:\/\/211santacruzcounty.org\/es\/wp-json\/wp\/v2\/users\/1"}],"replies":[{"embeddable":true,"href":"https:\/\/211santacruzcounty.org\/es\/wp-json\/wp\/v2\/comments?post=4160"}],"version-history":[{"count":11,"href":"https:\/\/211santacruzcounty.org\/es\/wp-json\/wp\/v2\/pages\/4160\/revisions"}],"predecessor-version":[{"id":4446,"href":"https:\/\/211santacruzcounty.org\/es\/wp-json\/wp\/v2\/pages\/4160\/revisions\/4446"}],"wp:featuredmedia":[{"embeddable":true,"href":"https:\/\/211santacruzcounty.org\/es\/wp-json\/wp\/v2\/media\/4121"}],"wp:attachment":[{"href":"https:\/\/211santacruzcounty.org\/es\/wp-json\/wp\/v2\/media?parent=4160"}],"curies":[{"name":"gracias","href":"https:\/\/api.w.org\/{rel}","templated":true}]}}