{"id":4094,"date":"2024-07-01T22:07:05","date_gmt":"2024-07-02T05:07:05","guid":{"rendered":"https:\/\/211santacruzcounty.org\/?page_id=4094"},"modified":"2026-03-03T13:24:41","modified_gmt":"2026-03-03T21:24:41","slug":"new-program-application","status":"publish","type":"page","link":"https:\/\/211santacruzcounty.org\/es\/proveedores\/nueva-aplicacion-del-programa\/","title":{"rendered":"Solicitud de nuevo programa"},"content":{"rendered":"<p>Si ya te has registrado como proveedor, \u00a1el siguiente paso es agregar un nuevo programa!<\/p>\n<p>*Si ya ha completado una solicitud para un programa, <strong>pero quiero hacer un cambio<\/strong>, env\u00edenos un correo electr\u00f3nico a <a href=\"mailto:211scc@unitedwaysc.org\">211scc@unitedwaysc.org<\/a><\/p>","protected":false},"excerpt":{"rendered":"<p>Si ya se registr\u00f3 como proveedor, el siguiente paso es agregar un nuevo programa. *Si ya complet\u00f3 una solicitud para un programa, pero desea realizar un cambio, env\u00edenos un correo electr\u00f3nico a 211scc@unitedwaysc.org<\/p>","protected":false},"author":1,"featured_media":4069,"parent":3055,"menu_order":0,"comment_status":"closed","ping_status":"closed","template":"","meta":{"footnotes":""},"class_list":["post-4094","page","type-page","status-publish","has-post-thumbnail","hentry"],"_links":{"self":[{"href":"https:\/\/211santacruzcounty.org\/es\/wp-json\/wp\/v2\/pages\/4094","targetHints":{"allow":["GET"]}}],"collection":[{"href":"https:\/\/211santacruzcounty.org\/es\/wp-json\/wp\/v2\/pages"}],"about":[{"href":"https:\/\/211santacruzcounty.org\/es\/wp-json\/wp\/v2\/types\/page"}],"author":[{"embeddable":true,"href":"https:\/\/211santacruzcounty.org\/es\/wp-json\/wp\/v2\/users\/1"}],"replies":[{"embeddable":true,"href":"https:\/\/211santacruzcounty.org\/es\/wp-json\/wp\/v2\/comments?post=4094"}],"version-history":[{"count":4,"href":"https:\/\/211santacruzcounty.org\/es\/wp-json\/wp\/v2\/pages\/4094\/revisions"}],"predecessor-version":[{"id":4124,"href":"https:\/\/211santacruzcounty.org\/es\/wp-json\/wp\/v2\/pages\/4094\/revisions\/4124"}],"up":[{"embeddable":true,"href":"https:\/\/211santacruzcounty.org\/es\/wp-json\/wp\/v2\/pages\/3055"}],"wp:featuredmedia":[{"embeddable":true,"href":"https:\/\/211santacruzcounty.org\/es\/wp-json\/wp\/v2\/media\/4069"}],"wp:attachment":[{"href":"https:\/\/211santacruzcounty.org\/es\/wp-json\/wp\/v2\/media?parent=4094"}],"curies":[{"name":"gracias","href":"https:\/\/api.w.org\/{rel}","templated":true}]}}