{"id":4047,"date":"2024-07-01T07:01:07","date_gmt":"2024-07-01T14:01:07","guid":{"rendered":"https:\/\/211santacruzcounty.org\/?page_id=4047"},"modified":"2026-02-04T13:43:43","modified_gmt":"2026-02-04T21:43:43","slug":"agency-application","status":"publish","type":"page","link":"https:\/\/211santacruzcounty.org\/es\/proveedores\/solicitud-de-agencia\/","title":{"rendered":"Solicitud de nuevo proveedor"},"content":{"rendered":"Si nunca ha enumerado un recurso antes, por favor<strong>\u00a0empieza aqui<\/strong>.<br \/>\nDeber\u00e1 agregar su agencia antes de agregar cualquier programa.\n<p>*Si ya ha completado una solicitud, <strong>pero quiero hacer un cambio<\/strong>, env\u00edenos un correo electr\u00f3nico a <a href=\"mailto:211scc@unitedwaysc.org\">211scc@unitedwaysc.org<\/a><\/p>","protected":false},"excerpt":{"rendered":"<p>Si nunca ha incluido un recurso, comience aqu\u00ed. Deber\u00e1 agregar su agencia antes de agregar cualquier programa. *Si ya complet\u00f3 una solicitud, pero desea realizar un cambio, env\u00edenos un correo electr\u00f3nico a 211scc@unitedwaysc.org<\/p>","protected":false},"author":1,"featured_media":4087,"parent":3055,"menu_order":0,"comment_status":"closed","ping_status":"closed","template":"","meta":{"footnotes":""},"class_list":["post-4047","page","type-page","status-publish","has-post-thumbnail","hentry"],"_links":{"self":[{"href":"https:\/\/211santacruzcounty.org\/es\/wp-json\/wp\/v2\/pages\/4047","targetHints":{"allow":["GET"]}}],"collection":[{"href":"https:\/\/211santacruzcounty.org\/es\/wp-json\/wp\/v2\/pages"}],"about":[{"href":"https:\/\/211santacruzcounty.org\/es\/wp-json\/wp\/v2\/types\/page"}],"author":[{"embeddable":true,"href":"https:\/\/211santacruzcounty.org\/es\/wp-json\/wp\/v2\/users\/1"}],"replies":[{"embeddable":true,"href":"https:\/\/211santacruzcounty.org\/es\/wp-json\/wp\/v2\/comments?post=4047"}],"version-history":[{"count":7,"href":"https:\/\/211santacruzcounty.org\/es\/wp-json\/wp\/v2\/pages\/4047\/revisions"}],"predecessor-version":[{"id":4460,"href":"https:\/\/211santacruzcounty.org\/es\/wp-json\/wp\/v2\/pages\/4047\/revisions\/4460"}],"up":[{"embeddable":true,"href":"https:\/\/211santacruzcounty.org\/es\/wp-json\/wp\/v2\/pages\/3055"}],"wp:featuredmedia":[{"embeddable":true,"href":"https:\/\/211santacruzcounty.org\/es\/wp-json\/wp\/v2\/media\/4087"}],"wp:attachment":[{"href":"https:\/\/211santacruzcounty.org\/es\/wp-json\/wp\/v2\/media?parent=4047"}],"curies":[{"name":"gracias","href":"https:\/\/api.w.org\/{rel}","templated":true}]}}