{"id":3055,"date":"2022-01-14T11:30:50","date_gmt":"2022-01-14T19:30:50","guid":{"rendered":"https:\/\/211santacruzcounty.org\/?page_id=3055"},"modified":"2026-03-03T14:14:33","modified_gmt":"2026-03-03T22:14:33","slug":"providers","status":"publish","type":"page","link":"https:\/\/211santacruzcounty.org\/es\/proveedores\/","title":{"rendered":"Proveedores"},"content":{"rendered":"<h1>Para proveedores de servicios<\/h1>\n<p>\u00danase a docenas de proveedores locales de servicios humanos en el condado de Santa Cruz.<\/p>\n\t\t<h3>Pol\u00edtica de inclusi\u00f3n\/exclusi\u00f3n<\/h3>\n\t\t<p>Todos los proveedores de servicios existentes y potenciales deben revisar nuestra Pol\u00edtica de Inclusi\u00f3n\/Exclusi\u00f3n. La pol\u00edtica describe la elegibilidad para listados de programas y servicios. Revise la pol\u00edtica antes de enviar nuevos servicios o listados.<\/p>\n\t\t\t<a href=\"\/wp-content\/uploads\/2024\/07\/InclusionExclusion-Policy-for-Agency-Application-2024.pdf\" target=\"_blank\" rel=\"noopener\">\n\t\t\t\t\t\tPol\u00edtica de revisi\u00f3n\n\t\t\t\t\t<\/a>\n<h2>\n\t\t\tNuevo proveedor\t<\/h2>\n\t<p>Para comenzar, revise nuestra Pol\u00edtica de inclusi\u00f3n\/exclusi\u00f3n para comprender qu\u00e9 recursos pueden aceptarse en nuestro directorio. Entonces complete nuestro formulario de solicitud.<\/p>\n\t\t\t<a href=\"\/wp-content\/uploads\/2024\/07\/InclusionExclusion-Policy-for-Agency-Application-2024.pdf\" target=\"_blank\" rel=\"noopener\">\n\t\t\t\t\t\tRevisar la pol\u00edtica de inclusi\u00f3n\/exclusi\u00f3n\n\t\t\t\t\t<\/a>\n\t\t\t<a href=\"https:\/\/211santacruzcounty.org\/es\/proveedores\/solicitud-de-agencia\/\" target=\"_self\">\n\t\t\t\t\t\tEnviar solicitud de nuevo proveedor\n\t\t\t\t\t<\/a>\n<h2>\n\t\t\tAgregar o actualizar programas\t<\/h2>\n\t<p>Si ya est\u00e1 registrado como proveedor, el siguiente paso es agregar o actualizar los servicios que brinda.<\/p>\n\t\t\t<a href=\"https:\/\/211santacruzcounty.org\/es\/proveedores\/nueva-aplicacion-del-programa\/\" target=\"_self\">\n\t\t\t\t\t\tAgregar\/actualizar un programa\n\t\t\t\t\t<\/a>\n\tPara preguntas o informaci\u00f3n adicional, por favor p\u00f3ngase en contacto con:<br>\nSandra Chapin, Gerente del Programa 211, <a href=\"mailto:211scc@unitedwaysc.org\">211scc@unitedwaysc.org<\/a>","protected":false},"excerpt":{"rendered":"<p>Para proveedores de servicios \u00danase a docenas de proveedores de servicios humanos locales en el condado de Santa Cruz. Pol\u00edtica de inclusi\u00f3n\/exclusi\u00f3n Todos los proveedores de servicios existentes y potenciales deben revisar nuestra Pol\u00edtica de inclusi\u00f3n\/exclusi\u00f3n. La pol\u00edtica describe la elegibilidad para los listados de programas y servicios. Revise la pol\u00edtica antes de enviar nuevos servicios o listados. Revise la pol\u00edtica Nuevo proveedor para\u2026<\/p>","protected":false},"author":1,"featured_media":4073,"parent":0,"menu_order":0,"comment_status":"closed","ping_status":"closed","template":"","meta":{"footnotes":""},"class_list":["post-3055","page","type-page","status-publish","has-post-thumbnail","hentry"],"_links":{"self":[{"href":"https:\/\/211santacruzcounty.org\/es\/wp-json\/wp\/v2\/pages\/3055","targetHints":{"allow":["GET"]}}],"collection":[{"href":"https:\/\/211santacruzcounty.org\/es\/wp-json\/wp\/v2\/pages"}],"about":[{"href":"https:\/\/211santacruzcounty.org\/es\/wp-json\/wp\/v2\/types\/page"}],"author":[{"embeddable":true,"href":"https:\/\/211santacruzcounty.org\/es\/wp-json\/wp\/v2\/users\/1"}],"replies":[{"embeddable":true,"href":"https:\/\/211santacruzcounty.org\/es\/wp-json\/wp\/v2\/comments?post=3055"}],"version-history":[{"count":12,"href":"https:\/\/211santacruzcounty.org\/es\/wp-json\/wp\/v2\/pages\/3055\/revisions"}],"predecessor-version":[{"id":4467,"href":"https:\/\/211santacruzcounty.org\/es\/wp-json\/wp\/v2\/pages\/3055\/revisions\/4467"}],"wp:featuredmedia":[{"embeddable":true,"href":"https:\/\/211santacruzcounty.org\/es\/wp-json\/wp\/v2\/media\/4073"}],"wp:attachment":[{"href":"https:\/\/211santacruzcounty.org\/es\/wp-json\/wp\/v2\/media?parent=3055"}],"curies":[{"name":"gracias","href":"https:\/\/api.w.org\/{rel}","templated":true}]}}