{"id":27,"date":"2019-04-05T20:40:59","date_gmt":"2019-04-05T20:40:59","guid":{"rendered":"https:\/\/211santacruzcounty.org\/?page_id=27"},"modified":"2026-01-28T16:24:18","modified_gmt":"2026-01-29T00:24:18","slug":"contact","status":"publish","type":"page","link":"https:\/\/211santacruzcounty.org\/es\/contacto\/","title":{"rendered":"Contacte con"},"content":{"rendered":"<p>Por favor cont\u00e1ctenos v\u00eda telef\u00f3nica (marque 211 o <a href=\"tel:+18317134111\">831-713-4111<\/a>), correo electr\u00f3nico <a href=\"mailto:211scc@unitedwaysc.org\">211scc@unitedwaysc.org<\/a>\u00a0o utilice el formulario a continuaci\u00f3n.<\/p>\n<p>*Si ya ha completado una solicitud como proveedor o para un programa, <strong>pero quieres hacer un cambio<\/strong>, env\u00edenos un correo electr\u00f3nico a <a href=\"mailto:211scc@unitedwaysc.org\">211scc@unitedwaysc.org<\/a><\/p>","protected":false},"excerpt":{"rendered":"<p>Comun\u00edquese con nosotros por tel\u00e9fono (marque 211 o 831-713-4111), env\u00ede un correo electr\u00f3nico a 211scc@unitedwaysc.org o utilice el formulario a continuaci\u00f3n. *Si ya complet\u00f3 una solicitud como proveedor o para un programa, pero desea realizar un cambio, env\u00edenos un correo electr\u00f3nico a 211scc@unitedwaysc.org<\/p>","protected":false},"author":1,"featured_media":4121,"parent":0,"menu_order":0,"comment_status":"closed","ping_status":"closed","template":"","meta":{"footnotes":""},"class_list":["post-27","page","type-page","status-publish","has-post-thumbnail","hentry"],"_links":{"self":[{"href":"https:\/\/211santacruzcounty.org\/es\/wp-json\/wp\/v2\/pages\/27","targetHints":{"allow":["GET"]}}],"collection":[{"href":"https:\/\/211santacruzcounty.org\/es\/wp-json\/wp\/v2\/pages"}],"about":[{"href":"https:\/\/211santacruzcounty.org\/es\/wp-json\/wp\/v2\/types\/page"}],"author":[{"embeddable":true,"href":"https:\/\/211santacruzcounty.org\/es\/wp-json\/wp\/v2\/users\/1"}],"replies":[{"embeddable":true,"href":"https:\/\/211santacruzcounty.org\/es\/wp-json\/wp\/v2\/comments?post=27"}],"version-history":[{"count":11,"href":"https:\/\/211santacruzcounty.org\/es\/wp-json\/wp\/v2\/pages\/27\/revisions"}],"predecessor-version":[{"id":4127,"href":"https:\/\/211santacruzcounty.org\/es\/wp-json\/wp\/v2\/pages\/27\/revisions\/4127"}],"wp:featuredmedia":[{"embeddable":true,"href":"https:\/\/211santacruzcounty.org\/es\/wp-json\/wp\/v2\/media\/4121"}],"wp:attachment":[{"href":"https:\/\/211santacruzcounty.org\/es\/wp-json\/wp\/v2\/media?parent=27"}],"curies":[{"name":"gracias","href":"https:\/\/api.w.org\/{rel}","templated":true}]}}