{"id":12,"date":"2018-10-28T20:35:06","date_gmt":"2018-10-28T20:35:06","guid":{"rendered":"https:\/\/211santacruzcounty.org\/?page_id=12"},"modified":"2026-02-04T13:38:36","modified_gmt":"2026-02-04T21:38:36","slug":"home","status":"publish","type":"page","link":"https:\/\/211santacruzcounty.org\/es\/","title":{"rendered":"Inicio"},"content":{"rendered":"Con m\u00e1s de <strong>5<\/strong><strong>00 recursos locales<\/strong> y m\u00faltiples formas de navegar por ellos,<br \/>\n<strong><\/strong> est\u00e1 aqu\u00ed para ayudarte a encontrar lo que est\u00e1s buscando.\n\t\t\t<a href=\"https:\/\/search.211santacruzcounty.org\/\"  target=\"_blank\" rel=\"noopener\">\n\t\t\t\t\t\tB\u00fasqueda en l\u00ednea\n\t\t\t\t\t<\/a>\n\t<h4>\u00bfC\u00f3mo podemos ayudar?<\/h4>\nSeleccione el m\u00e9todo que m\u00e1s le convenga.<br \/>\nCuando llama, una voz en vivo est\u00e1 en el otro extremo, lista para ayudar.\u00a0\n\t\t<figure itemscope itemtype=\"https:\/\/schema.org\/ImageObject\">\n\t\t\t\t<a href=\"tel:211\"  target=\"_self\" itemprop=\"url\">\n\t\t\t\t<img decoding=\"async\" src=\"https:\/\/211santacruzcounty.org\/wp-content\/uploads\/2024\/06\/call-211.svg\" alt=\"llamada-211\" height=\"200\" width=\"200\" title=\"llamada-211\" onerror=\"this.style.display='none'\" loading=\"lazy\" \/>\n\t\t\t\t<\/a>\n\t<\/figure>\n<h4><a href=\"tel:211\" target=\"_self\">Llama al 211<\/a><\/h4><p>Locales: +1 <a href=\"tel:+18317134111\">831-713-4111<\/a><\/p>\n\t\t<figure itemscope itemtype=\"https:\/\/schema.org\/ImageObject\">\n\t\t\t\t<a href=\"sms:898211\"  target=\"_self\" itemprop=\"url\">\n\t\t\t\t<img decoding=\"async\" src=\"https:\/\/211santacruzcounty.org\/wp-content\/uploads\/2024\/06\/sms-211.svg\" alt=\"sms-211\" height=\"200\" width=\"200\" title=\"sms-211\" onerror=\"this.style.display='none'\" loading=\"lazy\" \/>\n\t\t\t\t<\/a>\n\t<\/figure>\n<h4><a href=\"sms:898211\" target=\"_self\">Texto 211<\/a><\/h4><p>Env\u00ede su c\u00f3digo postal por mensaje de texto a: <a href=\"sms:898211\">898211<\/a><\/p>\n\t\t<figure itemscope itemtype=\"https:\/\/schema.org\/ImageObject\">\n\t\t\t\t<a href=\"https:\/\/search.211santacruzcounty.org\"  target=\"_blank\" rel=\"noopener\"  itemprop=\"url\">\n\t\t\t\t<img decoding=\"async\" src=\"https:\/\/211santacruzcounty.org\/wp-content\/uploads\/2024\/06\/search-211.svg\" alt=\"b\u00fasqueda-211\" height=\"200\" width=\"200\" title=\"b\u00fasqueda-211\" onerror=\"this.style.display='none'\" loading=\"lazy\" \/>\n\t\t\t\t<\/a>\n\t<\/figure>\n<h4><a href=\"https:\/\/search.211santacruzcounty.org\" target=\"_blank\"  rel=\"noopener\">Busque en<\/a><\/h4><p>Motor de b\u00fasqueda en l\u00ednea<\/p>\n\t\t<figure itemscope itemtype=\"https:\/\/schema.org\/ImageObject\">\n\t\t\t\t<a href=\"mailto:211scc@unitedwaysc.org\"  target=\"_self\" itemprop=\"url\">\n\t\t\t\t<img decoding=\"async\" src=\"https:\/\/211santacruzcounty.org\/wp-content\/uploads\/2024\/06\/email-211.svg\" alt=\"correo electr\u00f3nico-211\" height=\"200\" width=\"200\" title=\"correo electr\u00f3nico-211\" onerror=\"this.style.display='none'\" loading=\"lazy\" \/>\n\t\t\t\t<\/a>\n\t<\/figure>\n<h4><a href=\"mailto:211scc@unitedwaysc.org\" target=\"_self\">Env\u00ede un correo electr\u00f3nico a<\/a><\/h4>Permita un d\u00eda h\u00e1bil.\n<h2>\n\t\t\tRecursos notables:\t<\/h2>\n\t\t<h3><a href=\"https:\/\/www.myfreetaxes.org\/\" target=\"_blank\" rel=\"noopener\">\u00bfNecesita ayuda con los impuestos?<\/a><\/h3><p>Mejora tus finanzas y presenta tus impuestos gratis.<\/p>\n\t\t\t<a href=\"https:\/\/www.myfreetaxes.org\/\" target=\"_blank\" rel=\"noopener\">\n\t\t\t\t\t\tM\u00e1s informaci\u00f3n\n\t\t\t\t\t<\/a>\n\t\t<h3><a href=\"https:\/\/211santacruzcounty.org\/es\/sobrevivientes-del-crimen\/\" target=\"_self\">Sobrevivientes del crimen<\/a><\/h3><p>Obtenga m\u00e1s informaci\u00f3n sobre la justicia restaurativa, qu\u00e9 sucede cuando llama al 911, qu\u00e9 sucede en la corte, c\u00f3mo buscar delincuentes sexuales en California y m\u00e1s.<\/p>\n\t\t\t<a href=\"https:\/\/211santacruzcounty.org\/es\/sobrevivientes-del-crimen\/\"  target=\"_self\">\n\t\t\t\t\t\tM\u00e1s informaci\u00f3n\n\t\t\t\t\t<\/a>\n\t\t<h3><a href=\"https:\/\/www.scr911.org\/general\/page\/sign-reverse-9-1-1-notifications-codered\" target=\"_blank\" rel=\"noopener\">Inscr\u00edbase para recibir alertas de emergencia<\/a><\/h3><p>Mant\u00e9ngase informado sobre las emergencias en su \u00e1rea. Env\u00ede un mensaje de texto con la palabra \u201cSCR911\u201d al <a href=\"tel:99411\">99411<\/a> para inscribirse.<\/p>\n\t\t\t<a href=\"https:\/\/www.scr911.org\/general\/page\/sign-reverse-9-1-1-notifications-codered\" target=\"_blank\" rel=\"noopener\">\n\t\t\t\t\t\tM\u00e1s informaci\u00f3n\n\t\t\t\t\t<\/a>\n\t\t<h3><a href=\"https:\/\/211santacruzcounty.org\/es\/contactos-vivienda-refugio-vida-sobria\/\" target=\"_self\">Refugios provisionales y viviendas sobrias<\/a><\/h3><p>Consulte recursos para entornos de vida sobria y refugio de emergencia, como camas disponibles, detalles de la lista de espera, costos y m\u00e1s.<\/p>\n\t\t\t<a href=\"https:\/\/211santacruzcounty.org\/es\/contactos-vivienda-refugio-vida-sobria\/\"  target=\"_self\">\n\t\t\t\t\t\tM\u00e1s informaci\u00f3n\n\t\t\t\t\t<\/a>\n<h2>\n\t\t\tUn recurso confiable\t<\/h2>\n\t<p>211 El condado de Santa Cruz emplea personal dedicado a seleccionar y mantener datos y programas de recursos. Somos la mejor y m\u00e1s confiable fuente de recursos de servicios sociales y de salud en el condado de Santa Cruz.<\/p>\n<p>Agregue sus programas y servicios hoy. Ayudaremos a conectar a 211 usuarios con los recursos que mejor se adapten a su geograf\u00eda y necesidades.<\/p>\n\t\t\t<a href=\"https:\/\/211santacruzcounty.org\/es\/proveedores\/\"  target=\"_self\">\n\t\t\t\t\t\tAgregar o actualizar recursos\n\t\t\t\t\t<\/a>\n<h2>\n\t\t\tImpacto en nuestra comunidad.\t<\/h2>\n\t<p>211 conecta a las comunidades con ayuda integral para cada persona, desde necesidades b\u00e1sicas y transporte hasta servicios legales o en casos de desastre. Al rastrear de forma an\u00f3nima lo que se solicita y d\u00f3nde, tambi\u00e9n podemos observar en profundidad las \u00e1reas desatendidas y las poblaciones necesitadas.<\/p>\n\t\t\t<a href=\"https:\/\/211santacruzcounty.org\/es\/sobre\/\"  target=\"_self\">\n\t\t\t\t\t\tM\u00e1s informaci\u00f3n sobre 211 Condado de Santa Cruz\n\t\t\t\t\t<\/a>\n\t\t\t<a href=\"https:\/\/disasterphilanthropy.org\/stories\/supporting-direct-assistance-services-to-address-unmet-needs-quickly\/\" target=\"_blank\" rel=\"noopener\">\n\t\t\t\t\t\t211 Apoyo a los servicios de asistencia directa\n\t\t\t\t\t<\/a>\n\t\t\t<a href=\"https:\/\/growingupsc.com\/united-ways-innovative-211-program-delivers-free-meals-and-much-more\/\" target=\"_blank\" rel=\"noopener\">\n\t\t\t\t\t\tEl innovador programa 211 de United Way ofrece comidas gratuitas.\n\t\t\t\t\t<\/a>","protected":false},"excerpt":{"rendered":"<p>Con m\u00e1s de 500 recursos locales y m\u00faltiples formas de navegar por ellos, estamos aqu\u00ed para ayudarlo a encontrar lo que est\u00e1 buscando. Busque en l\u00ednea \u00bfC\u00f3mo podemos ayudarlo? Seleccione el m\u00e9todo que mejor se adapte a sus necesidades. Cuando llame, una voz en vivo estar\u00e1 del otro lado, lista para ayudarlo. Llame al 211 Local: +1\u2026<\/p>","protected":false},"author":1,"featured_media":0,"parent":0,"menu_order":0,"comment_status":"closed","ping_status":"closed","template":"","meta":{"footnotes":""},"class_list":["post-12","page","type-page","status-publish","hentry"],"_links":{"self":[{"href":"https:\/\/211santacruzcounty.org\/es\/wp-json\/wp\/v2\/pages\/12","targetHints":{"allow":["GET"]}}],"collection":[{"href":"https:\/\/211santacruzcounty.org\/es\/wp-json\/wp\/v2\/pages"}],"about":[{"href":"https:\/\/211santacruzcounty.org\/es\/wp-json\/wp\/v2\/types\/page"}],"author":[{"embeddable":true,"href":"https:\/\/211santacruzcounty.org\/es\/wp-json\/wp\/v2\/users\/1"}],"replies":[{"embeddable":true,"href":"https:\/\/211santacruzcounty.org\/es\/wp-json\/wp\/v2\/comments?post=12"}],"version-history":[{"count":11,"href":"https:\/\/211santacruzcounty.org\/es\/wp-json\/wp\/v2\/pages\/12\/revisions"}],"predecessor-version":[{"id":4455,"href":"https:\/\/211santacruzcounty.org\/es\/wp-json\/wp\/v2\/pages\/12\/revisions\/4455"}],"wp:attachment":[{"href":"https:\/\/211santacruzcounty.org\/es\/wp-json\/wp\/v2\/media?parent=12"}],"curies":[{"name":"gracias","href":"https:\/\/api.w.org\/{rel}","templated":true}]}}